{"id":10926,"date":"2021-10-30T00:00:00","date_gmt":"2021-10-29T22:00:00","guid":{"rendered":"http:\/\/www.grau-blau.de\/?page_id=10926"},"modified":"2025-10-26T08:32:38","modified_gmt":"2025-10-26T07:32:38","slug":"kartenvorkauf","status":"publish","type":"page","link":"https:\/\/www.grau-blau.de\/?page_id=10926","title":{"rendered":"Kartenvorverkauf"},"content":{"rendered":"<h4><em><strong>Aktuell sind keine Eintrittskarten f\u00fcr unsere Sitzung verf\u00fcgbar!<\/strong><\/em><\/h4>\n<p>\u00a0<\/p>\n\n\n<p><\/p>\n\n\n<p>Die Sitzungen beginnen jeweils um <strong>19.11<\/strong> Uhr und finden zu den nachstehenden Terminen statt:<\/p>\n<p>\n\n\n<\/p>\n<ol class=\"wp-block-list\">\n\n<li>Grau-Blau Sitzung: 10. Januar 2026<\/li>\n\n \n\n<li>Grau-Blau Sitzung: 17. Januar 2026<\/li>\n\n \n\n<li>Grau-Blau Sitzung: 24. Januar 2026<\/li>\n\n \n\n<li>Grau-Blau Sitzung: 31. Januar 2026<\/li>\n\n \n\n<li>Grau-Blau Sitzung: 07. Februar 2026<\/li>\n\n<\/ol>\n<p>\n\n\n<\/p>\n<p><span style=\"font-size: revert; text-indent: 0em;\">Wir freuen uns, Euch auf unseren Sitzungen begr\u00fc\u00dfen zu d\u00fcrfen.<\/span><\/p>\n<\/p>\n\n\n<p><strong>In diesem Jahr wieder mit dabei, allerdings unter neuem Namen:<\/strong><\/p>\n\n\n\n<p><strong>Die Verpflegung durch Koblenz-Catering<\/strong>&nbsp;mit einem eigenen&nbsp;<strong>Foodtruck<\/strong>. Schon vor den Sitzungen \u2013 <strong>ab 18:00 Uhr<\/strong>&nbsp;\u2013 habt ihr die M\u00f6glichkeit, euch aus einer eigens zusammengestellten Speisekarte etwas Leckeres zu g\u00f6nnen und gest\u00e4rkt in die Sitzung zu starten.<\/p>\n\n\n\n<p><\/p>\n","protected":false},"excerpt":{"rendered":"<p>Aktuell sind keine Eintrittskarten f\u00fcr unsere Sitzung verf\u00fcgbar! \u00a0 Die Sitzungen beginnen jeweils um 19.11 Uhr und finden zu den nachstehenden Terminen statt: Wir freuen uns, Euch auf unseren Sitzungen begr\u00fc\u00dfen zu d\u00fcrfen. In diesem Jahr wieder mit dabei, allerdings unter neuem Namen: Die Verpflegung durch Koblenz-Catering&nbsp;mit einem eigenen&nbsp;Foodtruck. Schon &hellip;<\/p>\n","protected":false},"author":1,"featured_media":0,"parent":13265,"menu_order":1,"comment_status":"closed","ping_status":"closed","template":"","meta":{"footnotes":""},"class_list":["post-10926","page","type-page","status-publish","hentry"],"jetpack_sharing_enabled":true,"post_mailing_queue_ids":[],"_links":{"self":[{"href":"https:\/\/www.grau-blau.de\/index.php?rest_route=\/wp\/v2\/pages\/10926","targetHints":{"allow":["GET"]}}],"collection":[{"href":"https:\/\/www.grau-blau.de\/index.php?rest_route=\/wp\/v2\/pages"}],"about":[{"href":"https:\/\/www.grau-blau.de\/index.php?rest_route=\/wp\/v2\/types\/page"}],"author":[{"embeddable":true,"href":"https:\/\/www.grau-blau.de\/index.php?rest_route=\/wp\/v2\/users\/1"}],"replies":[{"embeddable":true,"href":"https:\/\/www.grau-blau.de\/index.php?rest_route=%2Fwp%2Fv2%2Fcomments&post=10926"}],"version-history":[{"count":57,"href":"https:\/\/www.grau-blau.de\/index.php?rest_route=\/wp\/v2\/pages\/10926\/revisions"}],"predecessor-version":[{"id":21968,"href":"https:\/\/www.grau-blau.de\/index.php?rest_route=\/wp\/v2\/pages\/10926\/revisions\/21968"}],"up":[{"embeddable":true,"href":"https:\/\/www.grau-blau.de\/index.php?rest_route=\/wp\/v2\/pages\/13265"}],"wp:attachment":[{"href":"https:\/\/www.grau-blau.de\/index.php?rest_route=%2Fwp%2Fv2%2Fmedia&parent=10926"}],"curies":[{"name":"wp","href":"https:\/\/api.w.org\/{rel}","templated":true}]}}