{"id":13540,"date":"2015-02-02T18:57:57","date_gmt":"2015-02-02T17:57:57","guid":{"rendered":"http:\/\/www.grau-blau.de\/?page_id=13540"},"modified":"2015-02-02T18:57:57","modified_gmt":"2015-02-02T17:57:57","slug":"das-grau-blau-lied","status":"publish","type":"page","link":"https:\/\/www.grau-blau.de\/?page_id=13540","title":{"rendered":"Das Grau-Blau Lied"},"content":{"rendered":"<p>Im Jahre 2010 texte Michael Walder einen Song um, der fortan zur Hymne der KG Grau-Blau wurde. Bei vielen Gelegenheiten wird der Song gespielt (als Hintergrundmusik f\u00fcr <a href=\"http:\/\/youtu.be\/6ejuati8EOc\" target=\"_blank\">diverse Sp\u00e4\u00dfe<\/a>, bei der Sitzung und nat\u00fcrlich beim <a href=\"http:\/\/youtu.be\/-Synsqdr6Yw\" target=\"_blank\">Fastnachtszug<\/a>) und vor allem gesungen.<\/p>\n<p style=\"text-align: center;\"><span style=\"text-decoration: underline;\"><strong>Grau-Blau Lied\u00a0<\/strong><\/span><\/p>\n<p style=\"text-align: center;\">Ich kam einst aus Grenzhausen,<br \/>\nkam aus H\u00f6hr und Kammerforst.<br \/>\nDie andern war\u2019n aus Hilgert<br \/>\nund die B\u00e4ren waren los.<\/p>\n<p style=\"text-align: center;\">Ich bin Redner, S\u00e4nger, Elferrat,<br \/>\neinmal lustig und auch mal ernst.<br \/>\nWir wollen, dass ihr fr\u00f6hlich seid<br \/>\ndeshalb stimmt jetzt mit uns an:<\/p>\n<p style=\"text-align: center;\">So ist Grau-Blau<br \/>\nganz meine Farben.<br \/>\nIch bin verr\u00fcckt,<br \/>\ndoch ich steh dazu.<br \/>\nIch hab dadurch<br \/>\nso viel gewonnen.<br \/>\nGrau-Blau ist mein Ziel,<br \/>\nGrau-Blau gibt soviel,<br \/>\nGrau-Blau ist alles, was ich will.<\/p>\n<p style=\"text-align: center;\">Einer lebt bescheiden<br \/>\nhatte niemals allzu viel.<br \/>\nDer andere hat alles,<br \/>\ndoch auch das ist nicht das Ziel.<br \/>\nEs gibt Wei\u00dfe, Schwarze, Gelbe,<br \/>\nes gibt M\u00e4nner und auch Frauen,<br \/>\ndoch am Ende sind wir Narren,<br \/>\ndie ihr Gl\u00fcck auf Frohsinn bauen.<\/p>\n<p style=\"text-align: center;\">So ist Grau-Blau<br \/>\nganz meine Farben.<br \/>\nIch bin verr\u00fcckt,<br \/>\ndoch ich steh dazu.<br \/>\nIch hab dadurch<br \/>\nso viel gewonnen.<br \/>\nGrau-Blau ist mein Ziel,<br \/>\nGrau-Blau gibt soviel,<br \/>\nGrau-Blau ist alles, was ich will.<\/p>\n<p style=\"text-align: center;\">Die Menschen, die wir sehen,<br \/>\nsind Freunde allesamt.<br \/>\nMenschen, die wir m\u00f6gen,<br \/>\nauch wenn jetzt noch unbekannt.<br \/>\nWer braucht Himmel, Erde, Meeresgrund,<br \/>\nwas will ich denn auf dem Mond,<br \/>\nschau doch mal ganz nah bei dir<br \/>\nwo ein Freund als Nachbar wohnt.<\/p>\n<p style=\"text-align: center;\">Big Refrain:<\/p>\n<p style=\"text-align: center;\">So ist Grau-Blau<br \/>\nganz meine Farben.<br \/>\nIch bin verr\u00fcckt,<br \/>\ndoch ich steh dazu.<br \/>\nIch hab dadurch<br \/>\nso viel gewonnen.<br \/>\nGrau-Blau ist mein Ziel,<br \/>\nGrau-Blau gibt soviel,<br \/>\nGrau-Blau ist alles, was ich will.<\/p>\n<p style=\"text-align: center;\">A Capella Refrain:<\/p>\n<p style=\"text-align: center;\">So ist Grau-Blau (so ist Grau-Blau)<br \/>\nganz meine Farben (ganz meine Farben).<br \/>\nIch bin verr\u00fcckt (ich bin verr\u00fcckt),<br \/>\ndoch ich steh dazu (doch ich steh dazu).<br \/>\nIch hab dadurch<br \/>\nso viel gewonnen.<br \/>\nGrau-Blau ist mein Ziel,<br \/>\nGrau-Blau gibt soviel,<br \/>\nGrau-Blau ist alles, was ich wiiiiiiilllllll.<\/p>\n","protected":false},"excerpt":{"rendered":"<p>Im Jahre 2010 texte Michael Walder einen Song um, der fortan zur Hymne der KG Grau-Blau wurde. Bei vielen Gelegenheiten wird der Song gespielt (als Hintergrundmusik f\u00fcr diverse Sp\u00e4\u00dfe, bei der Sitzung und nat\u00fcrlich beim Fastnachtszug) und vor allem gesungen. Grau-Blau Lied\u00a0 Ich kam einst aus Grenzhausen, kam aus H\u00f6hr &hellip;<\/p>\n","protected":false},"author":1,"featured_media":0,"parent":15,"menu_order":2,"comment_status":"open","ping_status":"closed","template":"","meta":{"footnotes":""},"class_list":["post-13540","page","type-page","status-publish","hentry"],"jetpack_sharing_enabled":true,"post_mailing_queue_ids":[],"_links":{"self":[{"href":"https:\/\/www.grau-blau.de\/index.php?rest_route=\/wp\/v2\/pages\/13540","targetHints":{"allow":["GET"]}}],"collection":[{"href":"https:\/\/www.grau-blau.de\/index.php?rest_route=\/wp\/v2\/pages"}],"about":[{"href":"https:\/\/www.grau-blau.de\/index.php?rest_route=\/wp\/v2\/types\/page"}],"author":[{"embeddable":true,"href":"https:\/\/www.grau-blau.de\/index.php?rest_route=\/wp\/v2\/users\/1"}],"replies":[{"embeddable":true,"href":"https:\/\/www.grau-blau.de\/index.php?rest_route=%2Fwp%2Fv2%2Fcomments&post=13540"}],"version-history":[{"count":0,"href":"https:\/\/www.grau-blau.de\/index.php?rest_route=\/wp\/v2\/pages\/13540\/revisions"}],"up":[{"embeddable":true,"href":"https:\/\/www.grau-blau.de\/index.php?rest_route=\/wp\/v2\/pages\/15"}],"wp:attachment":[{"href":"https:\/\/www.grau-blau.de\/index.php?rest_route=%2Fwp%2Fv2%2Fmedia&parent=13540"}],"curies":[{"name":"wp","href":"https:\/\/api.w.org\/{rel}","templated":true}]}}