{"id":17723,"date":"2018-02-24T07:23:43","date_gmt":"2018-02-24T06:23:43","guid":{"rendered":"http:\/\/www.grau-blau.de\/?page_id=17723"},"modified":"2018-02-25T16:59:30","modified_gmt":"2018-02-25T15:59:30","slug":"der-ehrenorden-grau-blauer-ambert","status":"publish","type":"page","link":"https:\/\/www.grau-blau.de\/?page_id=17723","title":{"rendered":"Der Ehrenorden Grau-Blauer Ambert"},"content":{"rendered":"<h3 style=\"text-align: center;\">Die Stiftungsurkunde<\/h3>\n<p>Bei der ersten Verleihung des Ordens sprach R\u00fcdiger Remy die Beweggr\u00fcnde f\u00fcr den Orden aus:<\/p>\n<p><em>&#8220;Schon seit einigen Jahren will ich einen besonderen Ehren-Orden stiften, der herausragende Verdienste innerhalb von &#8216;Grau-Blau&#8217; honorieren soll. Das Ergebnis vieler \u00dcberlegungen war dann:<\/em><br \/>\n<em>Mein Urahn v\u00e4terlicherseits ist der T\u00f6pfer Jacques Remy. Auch ich habe mein ganzes Berufsleben in der Kannenb\u00e4cker-Branche verbracht. Als Motiv f\u00fcr den Orden kam f\u00fcr mich daher nur in Frage: das ehemalige T\u00f6pfer-Denkmal an der Volksschule in H\u00f6hr. Und da man den Familien-Spitznamen &#8216;Ambert&#8217; meines Gro\u00dfvaters m\u00fctterlicherseits (Emil Albr. Merkelbach) inzwischen auch auf mich \u00fcbertragen hatte, ergab sich ganz einfach die Ordensbezeichnung &#8216;Grau-Blauer Ambert&#8217;!&#8221;<\/em><\/p>\n<p>Es geht bereits aus dem Text hervor. Der Ehrenorden wurde von R\u00fcdiger Remy (Ambert) erstmals im Jahre 2004 verliehen. R\u00fcdiger hatte diese Idee schon lange &#8220;mit sich herumgetragen&#8221;, dann zum Jubil\u00e4um wurde der Orden erstmals verliehen. F\u00fcr die Karnevalsgesellschaft Grau-Blau ist es <strong>die Auszeichnung <\/strong>innerhalb des Vereins. R\u00fcdiger Remy, der \u00fcber Jahrzehnte die Geschicke des Vereins leitete, geb\u00fchrt f\u00fcr dieses Engagement Hochachtung.<\/p>\n<figure id=\"attachment_17724\" aria-describedby=\"caption-attachment-17724\" style=\"width: 1500px\" class=\"wp-caption aligncenter\"><a href=\"https:\/\/i0.wp.com\/www.grau-blau.de\/wp-content\/uploads\/2018\/02\/Stiftungs-Urkunde2.jpg?ssl=1\"><img data-recalc-dims=\"1\" loading=\"lazy\" decoding=\"async\" data-attachment-id=\"17724\" data-permalink=\"https:\/\/www.grau-blau.de\/?attachment_id=17724\" data-orig-file=\"https:\/\/i0.wp.com\/www.grau-blau.de\/wp-content\/uploads\/2018\/02\/Stiftungs-Urkunde2.jpg?fit=1500%2C2621&amp;ssl=1\" data-orig-size=\"1500,2621\" data-comments-opened=\"1\" data-image-meta=\"{&quot;aperture&quot;:&quot;0&quot;,&quot;credit&quot;:&quot;&quot;,&quot;camera&quot;:&quot;&quot;,&quot;caption&quot;:&quot;&quot;,&quot;created_timestamp&quot;:&quot;0&quot;,&quot;copyright&quot;:&quot;&quot;,&quot;focal_length&quot;:&quot;0&quot;,&quot;iso&quot;:&quot;0&quot;,&quot;shutter_speed&quot;:&quot;0&quot;,&quot;title&quot;:&quot;&quot;,&quot;orientation&quot;:&quot;0&quot;}\" data-image-title=\"Stiftungs-Urkunde2\" data-image-description=\"\" data-image-caption=\"&lt;p&gt;Der Text der Stiftungsurkunde&lt;\/p&gt;\n\" data-large-file=\"https:\/\/i0.wp.com\/www.grau-blau.de\/wp-content\/uploads\/2018\/02\/Stiftungs-Urkunde2.jpg?fit=739%2C1292&amp;ssl=1\" class=\"size-full wp-image-17724\" src=\"https:\/\/i0.wp.com\/www.grau-blau.de\/wp-content\/uploads\/2018\/02\/Stiftungs-Urkunde2.jpg?resize=739%2C1291&#038;ssl=1\" alt=\"\" width=\"739\" height=\"1291\" srcset=\"https:\/\/i0.wp.com\/www.grau-blau.de\/wp-content\/uploads\/2018\/02\/Stiftungs-Urkunde2.jpg?w=1500&amp;ssl=1 1500w, https:\/\/i0.wp.com\/www.grau-blau.de\/wp-content\/uploads\/2018\/02\/Stiftungs-Urkunde2.jpg?resize=172%2C300&amp;ssl=1 172w, https:\/\/i0.wp.com\/www.grau-blau.de\/wp-content\/uploads\/2018\/02\/Stiftungs-Urkunde2.jpg?resize=858%2C1500&amp;ssl=1 858w\" sizes=\"auto, (max-width: 739px) 100vw, 739px\" \/><\/a><figcaption id=\"caption-attachment-17724\" class=\"wp-caption-text\">Der Text der Stiftungsurkunde<\/figcaption><\/figure>\n","protected":false},"excerpt":{"rendered":"<p>Die Stiftungsurkunde Bei der ersten Verleihung des Ordens sprach R\u00fcdiger Remy die Beweggr\u00fcnde f\u00fcr den Orden aus: &#8220;Schon seit einigen Jahren will ich einen besonderen Ehren-Orden stiften, der herausragende Verdienste innerhalb von &#8216;Grau-Blau&#8217; honorieren soll. Das Ergebnis vieler \u00dcberlegungen war dann: Mein Urahn v\u00e4terlicherseits ist der T\u00f6pfer Jacques Remy. Auch &hellip;<\/p>\n","protected":false},"author":1,"featured_media":0,"parent":15,"menu_order":0,"comment_status":"closed","ping_status":"closed","template":"","meta":{"footnotes":""},"class_list":["post-17723","page","type-page","status-publish","hentry"],"jetpack_sharing_enabled":true,"post_mailing_queue_ids":[],"_links":{"self":[{"href":"https:\/\/www.grau-blau.de\/index.php?rest_route=\/wp\/v2\/pages\/17723","targetHints":{"allow":["GET"]}}],"collection":[{"href":"https:\/\/www.grau-blau.de\/index.php?rest_route=\/wp\/v2\/pages"}],"about":[{"href":"https:\/\/www.grau-blau.de\/index.php?rest_route=\/wp\/v2\/types\/page"}],"author":[{"embeddable":true,"href":"https:\/\/www.grau-blau.de\/index.php?rest_route=\/wp\/v2\/users\/1"}],"replies":[{"embeddable":true,"href":"https:\/\/www.grau-blau.de\/index.php?rest_route=%2Fwp%2Fv2%2Fcomments&post=17723"}],"version-history":[{"count":0,"href":"https:\/\/www.grau-blau.de\/index.php?rest_route=\/wp\/v2\/pages\/17723\/revisions"}],"up":[{"embeddable":true,"href":"https:\/\/www.grau-blau.de\/index.php?rest_route=\/wp\/v2\/pages\/15"}],"wp:attachment":[{"href":"https:\/\/www.grau-blau.de\/index.php?rest_route=%2Fwp%2Fv2%2Fmedia&parent=17723"}],"curies":[{"name":"wp","href":"https:\/\/api.w.org\/{rel}","templated":true}]}}