{"id":17727,"date":"2018-02-24T07:27:39","date_gmt":"2018-02-24T06:27:39","guid":{"rendered":"http:\/\/www.grau-blau.de\/?page_id=17727"},"modified":"2018-02-25T17:02:03","modified_gmt":"2018-02-25T16:02:03","slug":"die-verleihungsurkunde-zum-grau-blauen-ambert","status":"publish","type":"page","link":"https:\/\/www.grau-blau.de\/?page_id=17727","title":{"rendered":"Die Verleihungsurkunde zum Grau-Blauen Ambert"},"content":{"rendered":"<p>Die Verleihungsurkunde wird dem jeweiligen Ordenstr\u00e4ger bei der Verleihung des Ordens ausgeh\u00e4ndigt. Der Orden selbst unterscheidet sich lediglich durch eine Jahreszahl, die im Orden eingepr\u00e4gt wird.<a href=\"https:\/\/i0.wp.com\/www.grau-blau.de\/wp-content\/uploads\/2018\/02\/Verleihungs-Urkunde.jpg?ssl=1\"><img data-recalc-dims=\"1\" loading=\"lazy\" decoding=\"async\" data-attachment-id=\"17728\" data-permalink=\"https:\/\/www.grau-blau.de\/?attachment_id=17728\" data-orig-file=\"https:\/\/i0.wp.com\/www.grau-blau.de\/wp-content\/uploads\/2018\/02\/Verleihungs-Urkunde.jpg?fit=1500%2C1063&amp;ssl=1\" data-orig-size=\"1500,1063\" data-comments-opened=\"1\" data-image-meta=\"{&quot;aperture&quot;:&quot;0&quot;,&quot;credit&quot;:&quot;&quot;,&quot;camera&quot;:&quot;&quot;,&quot;caption&quot;:&quot;&quot;,&quot;created_timestamp&quot;:&quot;0&quot;,&quot;copyright&quot;:&quot;&quot;,&quot;focal_length&quot;:&quot;0&quot;,&quot;iso&quot;:&quot;0&quot;,&quot;shutter_speed&quot;:&quot;0&quot;,&quot;title&quot;:&quot;&quot;,&quot;orientation&quot;:&quot;0&quot;}\" data-image-title=\"Verleihungs-Urkunde\" data-image-description=\"\" data-image-caption=\"\" data-large-file=\"https:\/\/i0.wp.com\/www.grau-blau.de\/wp-content\/uploads\/2018\/02\/Verleihungs-Urkunde.jpg?fit=739%2C524&amp;ssl=1\" class=\"aligncenter size-full wp-image-17728\" src=\"https:\/\/i0.wp.com\/www.grau-blau.de\/wp-content\/uploads\/2018\/02\/Verleihungs-Urkunde.jpg?resize=739%2C524&#038;ssl=1\" alt=\"\" width=\"739\" height=\"524\" srcset=\"https:\/\/i0.wp.com\/www.grau-blau.de\/wp-content\/uploads\/2018\/02\/Verleihungs-Urkunde.jpg?w=1500&amp;ssl=1 1500w, https:\/\/i0.wp.com\/www.grau-blau.de\/wp-content\/uploads\/2018\/02\/Verleihungs-Urkunde.jpg?resize=300%2C213&amp;ssl=1 300w\" sizes=\"auto, (max-width: 739px) 100vw, 739px\" \/><\/a><\/p>\n","protected":false},"excerpt":{"rendered":"<p>Die Verleihungsurkunde wird dem jeweiligen Ordenstr\u00e4ger bei der Verleihung des Ordens ausgeh\u00e4ndigt. Der Orden selbst unterscheidet sich lediglich durch eine Jahreszahl, die im Orden eingepr\u00e4gt wird.<\/p>\n","protected":false},"author":1,"featured_media":0,"parent":17723,"menu_order":0,"comment_status":"closed","ping_status":"closed","template":"","meta":{"footnotes":""},"class_list":["post-17727","page","type-page","status-publish","hentry"],"jetpack_sharing_enabled":true,"post_mailing_queue_ids":[],"_links":{"self":[{"href":"https:\/\/www.grau-blau.de\/index.php?rest_route=\/wp\/v2\/pages\/17727","targetHints":{"allow":["GET"]}}],"collection":[{"href":"https:\/\/www.grau-blau.de\/index.php?rest_route=\/wp\/v2\/pages"}],"about":[{"href":"https:\/\/www.grau-blau.de\/index.php?rest_route=\/wp\/v2\/types\/page"}],"author":[{"embeddable":true,"href":"https:\/\/www.grau-blau.de\/index.php?rest_route=\/wp\/v2\/users\/1"}],"replies":[{"embeddable":true,"href":"https:\/\/www.grau-blau.de\/index.php?rest_route=%2Fwp%2Fv2%2Fcomments&post=17727"}],"version-history":[{"count":0,"href":"https:\/\/www.grau-blau.de\/index.php?rest_route=\/wp\/v2\/pages\/17727\/revisions"}],"up":[{"embeddable":true,"href":"https:\/\/www.grau-blau.de\/index.php?rest_route=\/wp\/v2\/pages\/17723"}],"wp:attachment":[{"href":"https:\/\/www.grau-blau.de\/index.php?rest_route=%2Fwp%2Fv2%2Fmedia&parent=17727"}],"curies":[{"name":"wp","href":"https:\/\/api.w.org\/{rel}","templated":true}]}}