{"id":22203,"date":"2026-02-11T15:11:00","date_gmt":"2026-02-11T14:11:00","guid":{"rendered":"https:\/\/www.grau-blau.de\/?page_id=22203"},"modified":"2026-02-04T20:10:26","modified_gmt":"2026-02-04T19:10:26","slug":"interview-mit-buergermeister-marco-weisser-und-stadtbuergermeister-wolfgang-letschert-zum-jubilaeum-von-grau-blau","status":"publish","type":"page","link":"https:\/\/www.grau-blau.de\/?page_id=22203","title":{"rendered":"Interview mit B\u00fcrgermeister Marco Wei\u00dfer und Stadtb\u00fcrgermeister Wolfgang Letschert zum Jubil\u00e4um von Grau-Blau"},"content":{"rendered":"\n<p>Ausz\u00fcge aus dem Interview stehen im Narrenspiegel 2026. Hier nun der komplette Inhalt des Interviews. Die Fragen den Narrenspiegel bzw. die KG Grau-Blau stellte Thilo Becker<\/p>\n\n\n\n<p><strong>Thilo:<\/strong> Herr B\u00fcrgermeister, Herr Stadtb\u00fcrgermeister, wir haben heute den 11.11. und Sie sitzen im B\u00fcro. Da ist es Zeit f\u00fcr ein wenig Humor, oder? Daher gleich die erste Frage, bevor wir uns ausgiebig der KG Grau-Blau widmen, warum seid ihr beide heute hier und nicht im Karneval unterwegs?<\/p>\n\n\n\n<p><strong>Wolfgang:<\/strong> Also, ich fang da mal an als Stadtb\u00fcrgermeister, weil wir wichtige Termine haben, und da m\u00fcssen wir Priorit\u00e4ten setzen. Aber ich werde nachher, nach dem Martinszug auf jeden Fall ein sch\u00f6nes Bier trinken gehen und ich habe Bilder gesehen, wo die Grau-Blauen und die Rot-Wei\u00dfen zusammen in Koblenz feiern und da freue ich mich.<\/p>\n\n\n\n<figure class=\"wp-block-image size-large\"><img data-recalc-dims=\"1\" loading=\"lazy\" decoding=\"async\" width=\"739\" height=\"739\" data-attachment-id=\"22208\" data-permalink=\"https:\/\/www.grau-blau.de\/?attachment_id=22208\" data-orig-file=\"https:\/\/i0.wp.com\/www.grau-blau.de\/wp-content\/uploads\/2026\/02\/Bild-Wolfgang-Interview-HP-scaled.jpg?fit=2560%2C2560&amp;ssl=1\" data-orig-size=\"2560,2560\" data-comments-opened=\"1\" data-image-meta=\"{&quot;aperture&quot;:&quot;1.8&quot;,&quot;credit&quot;:&quot;&quot;,&quot;camera&quot;:&quot;Galaxy S25&quot;,&quot;caption&quot;:&quot;&quot;,&quot;created_timestamp&quot;:&quot;1762873992&quot;,&quot;copyright&quot;:&quot;&quot;,&quot;focal_length&quot;:&quot;5.4&quot;,&quot;iso&quot;:&quot;80&quot;,&quot;shutter_speed&quot;:&quot;0.009995322&quot;,&quot;title&quot;:&quot;&quot;,&quot;orientation&quot;:&quot;1&quot;}\" data-image-title=\"Bild Wolfgang Interview HP\" data-image-description=\"\" data-image-caption=\"\" data-large-file=\"https:\/\/i0.wp.com\/www.grau-blau.de\/wp-content\/uploads\/2026\/02\/Bild-Wolfgang-Interview-HP-scaled.jpg?fit=739%2C739&amp;ssl=1\" src=\"https:\/\/i0.wp.com\/www.grau-blau.de\/wp-content\/uploads\/2026\/02\/Bild-Wolfgang-Interview-HP.jpg?resize=739%2C739&#038;ssl=1\" alt=\"\" class=\"wp-image-22208\" srcset=\"https:\/\/i0.wp.com\/www.grau-blau.de\/wp-content\/uploads\/2026\/02\/Bild-Wolfgang-Interview-HP-scaled.jpg?resize=1500%2C1500&amp;ssl=1 1500w, https:\/\/i0.wp.com\/www.grau-blau.de\/wp-content\/uploads\/2026\/02\/Bild-Wolfgang-Interview-HP-scaled.jpg?resize=300%2C300&amp;ssl=1 300w, https:\/\/i0.wp.com\/www.grau-blau.de\/wp-content\/uploads\/2026\/02\/Bild-Wolfgang-Interview-HP-scaled.jpg?resize=150%2C150&amp;ssl=1 150w, https:\/\/i0.wp.com\/www.grau-blau.de\/wp-content\/uploads\/2026\/02\/Bild-Wolfgang-Interview-HP-scaled.jpg?resize=1536%2C1536&amp;ssl=1 1536w, https:\/\/i0.wp.com\/www.grau-blau.de\/wp-content\/uploads\/2026\/02\/Bild-Wolfgang-Interview-HP-scaled.jpg?resize=2048%2C2048&amp;ssl=1 2048w, https:\/\/i0.wp.com\/www.grau-blau.de\/wp-content\/uploads\/2026\/02\/Bild-Wolfgang-Interview-HP-scaled.jpg?resize=50%2C50&amp;ssl=1 50w, https:\/\/i0.wp.com\/www.grau-blau.de\/wp-content\/uploads\/2026\/02\/Bild-Wolfgang-Interview-HP-scaled.jpg?w=2217&amp;ssl=1 2217w\" sizes=\"auto, (max-width: 739px) 100vw, 739px\" \/><\/figure>\n\n\n\n<p><strong>Thilo:<\/strong> Sehr sch\u00f6n, dann ist nur die Frage, warum bekommen Sie als Stadtb\u00fcrgermeister es nicht hin, dass man in H\u00f6hr-Grenzhausen feiern kann?<\/p>\n\n\n\n<p><strong>Wolfgang:<\/strong> Da arbeiten wir dran und der Hinweis muss sein, wir hatten letztes Jahr einen anderen Stadtb\u00fcrgermeister und dieses Jahr einen anderen B\u00fcrgermeister der Verbandsgemeinde. Und was die Zwei in 16 Jahren nicht hinbekommen haben, kann ich nicht in 16 Monaten hinbekommen mit meinem neuen Kollegen, der erst 16 Wochen im Amt ist.<\/p>\n\n\n\n<p><strong>Thilo:<\/strong> Da haben Sie ganz recht. Herr Wei\u00dfer hat noch gar nichts gesagt, der ist atemlos und spricht hier keinen Ton.<\/p>\n\n\n\n<p><strong>Marco:<\/strong> Ja, ich habe extra zwei \u00c4rzte aufgesucht, um mich \u00fcber meinen Gesundheitszustand zu vergewissern, damit ich gut in die Jubil\u00e4umssaison von Grau-Blau starten kann, die ja 77 Jahre alt werden. Also die beiden \u00c4rzte haben mir bescheinigt, dass ich noch alle Latten am Zaun hab.<\/p>\n\n\n\n<figure class=\"wp-block-image size-large\"><img data-recalc-dims=\"1\" loading=\"lazy\" decoding=\"async\" width=\"739\" height=\"739\" data-attachment-id=\"22211\" data-permalink=\"https:\/\/www.grau-blau.de\/?attachment_id=22211\" data-orig-file=\"https:\/\/i0.wp.com\/www.grau-blau.de\/wp-content\/uploads\/2026\/02\/Bild-Marco-Interview-HP-scaled.jpg?fit=2560%2C2560&amp;ssl=1\" data-orig-size=\"2560,2560\" data-comments-opened=\"1\" data-image-meta=\"{&quot;aperture&quot;:&quot;1.8&quot;,&quot;credit&quot;:&quot;&quot;,&quot;camera&quot;:&quot;Galaxy S25&quot;,&quot;caption&quot;:&quot;&quot;,&quot;created_timestamp&quot;:&quot;1762873934&quot;,&quot;copyright&quot;:&quot;&quot;,&quot;focal_length&quot;:&quot;5.4&quot;,&quot;iso&quot;:&quot;250&quot;,&quot;shutter_speed&quot;:&quot;0.009995322&quot;,&quot;title&quot;:&quot;&quot;,&quot;orientation&quot;:&quot;1&quot;}\" data-image-title=\"Bild Marco Interview HP\" data-image-description=\"\" data-image-caption=\"\" data-large-file=\"https:\/\/i0.wp.com\/www.grau-blau.de\/wp-content\/uploads\/2026\/02\/Bild-Marco-Interview-HP-scaled.jpg?fit=739%2C739&amp;ssl=1\" src=\"https:\/\/i0.wp.com\/www.grau-blau.de\/wp-content\/uploads\/2026\/02\/Bild-Marco-Interview-HP.jpg?resize=739%2C739&#038;ssl=1\" alt=\"\" class=\"wp-image-22211\" srcset=\"https:\/\/i0.wp.com\/www.grau-blau.de\/wp-content\/uploads\/2026\/02\/Bild-Marco-Interview-HP-scaled.jpg?resize=1500%2C1500&amp;ssl=1 1500w, https:\/\/i0.wp.com\/www.grau-blau.de\/wp-content\/uploads\/2026\/02\/Bild-Marco-Interview-HP-scaled.jpg?resize=300%2C300&amp;ssl=1 300w, https:\/\/i0.wp.com\/www.grau-blau.de\/wp-content\/uploads\/2026\/02\/Bild-Marco-Interview-HP-scaled.jpg?resize=150%2C150&amp;ssl=1 150w, https:\/\/i0.wp.com\/www.grau-blau.de\/wp-content\/uploads\/2026\/02\/Bild-Marco-Interview-HP-scaled.jpg?resize=1536%2C1536&amp;ssl=1 1536w, https:\/\/i0.wp.com\/www.grau-blau.de\/wp-content\/uploads\/2026\/02\/Bild-Marco-Interview-HP-scaled.jpg?resize=2048%2C2048&amp;ssl=1 2048w, https:\/\/i0.wp.com\/www.grau-blau.de\/wp-content\/uploads\/2026\/02\/Bild-Marco-Interview-HP-scaled.jpg?resize=50%2C50&amp;ssl=1 50w, https:\/\/i0.wp.com\/www.grau-blau.de\/wp-content\/uploads\/2026\/02\/Bild-Marco-Interview-HP-scaled.jpg?w=2217&amp;ssl=1 2217w\" sizes=\"auto, (max-width: 739px) 100vw, 739px\" \/><\/figure>\n\n\n\n<p><strong>Thilo:<\/strong> Das freut mich zu h\u00f6ren, dass Du noch alle Latten am Zaun hast und kein Dunkel im Kopf ist. Apropos Dunkel, hast Du was zu trinken hier? Ja. O. K. (Anmerkung der Redaktion: Es gab nur Sprudelwasser, da war der alte B\u00fcrgermeister der Verbandsgemeinde besser aufgestellt!)<\/p>\n\n\n\n<p><strong>Thilo:<\/strong> Marco, du hast es ja gerade schon erw\u00e4hnt, hast die Antwort schon vorweggenommen, aber ich frage dann noch mal, welches Jubil\u00e4um feiert Grau-Blau in diesem Jahr?<\/p>\n\n\n\n<p><strong>Marco:<\/strong> Das siebenundsiebzigj\u00e4hrige Vereinsbestehen seit Oktober 1949.<\/p>\n\n\n\n<p><strong>Thilo:<\/strong> Herr Letschert, lieber Wolfgang, wo wurde denn der Verein Grau-Blau aus der Taufe gehoben? Also Geburtsort der eigentliche Geburtsort.<\/p>\n\n\n\n<p><strong>Wolfgang:<\/strong> Geburtsort ist das alte Casino.<\/p>\n\n\n\n<p><strong>Thilo:<\/strong> Stimmt. Du hast dich gut vorbereitet.<\/p>\n\n\n\n<p><strong>Wolfgang:<\/strong> Wenn man eine Stadt ernst nimmt und Stadtteile alle ernst nimmt, dann ist man \u00fcber so was informiert.<\/p>\n\n\n\n<p><strong>Thilo:<\/strong> Vor allen Dingen, wenn man die Vereine ernst nimmt. Also es freut mich, dass ihr einigerma\u00dfen gut vorbereitet seid, genauso wie ihr euch f\u00fcr die Gremiensitzung vorbereitet. Beim Wolfgang wei\u00df ich es ja, der ist Mitglied bei Grau-Blau, Marco, Du noch nicht.<\/p>\n\n\n\n<p><strong>Marco:<\/strong> Mir hat noch nie einer einen Mitgliedsantrag vorgelegt (Anmerkung der Redaktion, das wurde am 22.11.2025 nachgeholt, seit diesem Zeitpunkt ist er Grau-Blauer).<\/p>\n\n\n\n<p><strong>Thilo:<\/strong> Wolfgang, du bist auch Mitglied bei Grau-Blau. Seit wann eigentlich?<\/p>\n\n\n\n<p><strong>Wolfgang:<\/strong> Seit 2023.<\/p>\n\n\n\n<p><strong>Thilo:<\/strong> So 2023 war das. 2024 war ja Kommunalwahl, ist der Beitritt dann Wahltaktik gewesen? Weil jeder Grau-Blaue wird ja auch B\u00fcrgermeister.<\/p>\n\n\n\n<p><strong>Wolfgang:<\/strong> Nee, nee, nee, nee, nee, nee, nee, das kann man mal so nicht stehen lassen, das war keine Wahltaktik. F\u00fcr mich ist es eine Selbstverst\u00e4ndlichkeit gewesen. Grau-Blau ist f\u00fcr mich fester Bestandteil des Karnevals und ja, das ist aber so wie bei Marco jetzt. Wie oft habe ich eine grau-blaue Jacke angehabt, auch in verschiedenen Aggregatzust\u00e4nden.<\/p>\n\n\n\n<p><strong>Thilo:<\/strong> Jetzt knackig und pr\u00e4zise, wer von euch will anfangen mit einem Statement zum Jubil\u00e4um im kommenden Jahr bei der KG Grau-Blau?<\/p>\n\n\n\n<p><strong>Marco:<\/strong> Also, ich fang gern damit an. Also, ich finde es, wie soll ich es denn sagen, fast schon mit unseren demokratischen Grundfesten \u00fcbereinstimmend, weil im Jahr 49 wurde auch das Grundgesetz verabschiedet, paar Monate vorher. Und das dann, ich glaub, 5 oder 6 Monate sp\u00e4ter die KG Grau-Blau gegr\u00fcndet wurde, das ist schon beachtlich, muss ich sagen. Fand ich echt sehr nah beieinander.<\/p>\n\n\n\n<p><strong>Thilo:<\/strong> Das war ja, O. K.<\/p>\n\n\n\n<p><strong>Wolfgang:<\/strong> Und noch mal konkret die Frage.<\/p>\n\n\n\n<p><strong>Thilo:<\/strong> Ein Statement zum Jubil\u00e4um von Grau-Blau. Ist das so schwer zu verstehen?<\/p>\n\n\n\n<p><strong>Wolfgang:<\/strong> Grau-Blau verk\u00f6rpert f\u00fcr mich das, was die Stadt H\u00f6hr-Grenzhausen verk\u00f6rpert, der Stadtteil H\u00f6hr und der Stadtteil Grenzhausen. Und da, wo man sich fr\u00fcher im I-W\u00e4ldchen gekloppt hat mit irgendwelchen geschichtlichen und religi\u00f6sen Hintergr\u00fcnden, das wird heute auf einer ganz anderen B\u00fchne viel, viel besser wiedergegeben und sich dort spa\u00dfhaft duelliert. Grau-Blau hat es in seiner Art geschafft, ein \u00fcber die Grenzen von H\u00f6hr-Grenzhausen bekanntes Markenzeichen f\u00fcr hervorragenden Karneval zu werden. Grau-Blau ist eine gro\u00dfe grau-blaue Familie, die mit hervorragenden Solisten und B\u00fcttenrednern, genauso auch mit einem hervorragenden Ballett, immer wieder f\u00fcr beste Stimmung sorgt. Was mich besonders freut an Grau-Blau ist die Tatsache, dass seit ich B\u00fcrgermeister bin, absoluten Zuspruch erhalten habe von den Grau-Blauen, die gemeinsam mit uns daf\u00fcr gesorgt haben, dass so eine Kirmes der Stadt H\u00f6hr-Grenzhausen l\u00e4uft. Also, Grau-Blau ist f\u00fcr mich ein ganz wichtiges Bindeglied in der Stadt, wenn es um Gemeinschaft geht, wenn es um Ehrenamt geht, wenn es um dieses F\u00fcreinander-Dasein geht. Das ist f\u00fcr mich Grau-Blau.<\/p>\n\n\n\n<p><strong>Marco:<\/strong> Ja, ich kann auch was erg\u00e4nzen, vielleicht, was ich auch sch\u00f6n find, ist nicht nur die 7 mal 11 Jahre, als Schnapszahl. Sondern auch die Farben grau blau, ob im Stadtwappen oder auch im Wappen der Verbandsgemeinde, die uns irgendwie verk\u00f6rpern. Kommune hat mit Zusammenhalt zu tun, von daher finde ich es sch\u00f6n, dass die Farben so verankert sind, ohne dass wir dadurch die Rot-Wei\u00dfen oder Gr\u00fcn-Gelben schm\u00e4lern.<\/p>\n\n\n\n<p><strong>Thilo:<\/strong> Sehr sch\u00f6n, in der Tat Grau-Blau, die Farben haben etwas mit unserer st\u00e4dtischen Historie gemeinsam, die Keramik eben. Da gibt es viel Kreatives und jetzt ist H\u00f6hr-Grenzhausen auch Creativ City geworden. Wie ist der Zusammenhang der Creativ City mit dem Karneval zu sehen? Eigentlich eine Frage an den Stadtb\u00fcrgermeister, der ja auch dieses Thema Creativ City nach vorne bringen m\u00f6chte.<\/p>\n\n\n\n<p><strong>Wolfgang:<\/strong> Also kreativ sind wir in Sachen Karneval schon seit 1949, seitdem die KG Grau-Blau gegr\u00fcndet worden ist und Rot-Wei\u00df hat ja dann ein paar Jahre sp\u00e4ter nachgezogen. Also im Karneval waren wir schon immer kreativ. Das andere, Keramik et cetera und sowas, das kommt jetzt so einfach noch mal mit dazu.<\/p>\n\n\n\n<p><strong>Thilo:<\/strong> Das hei\u00dft eigentlich, m\u00fcsste ja dann das Welterbe in H\u00f6hr-Grenzhausen eher dem Karneval zugesprochen werden, anstelle der Keramik.<\/p>\n\n\n\n<p><strong>Wolfgang:<\/strong> Man sollte auf jeden Fall daran arbeiten, dass neben dem der Hauptstadt des Handwerks und der Hauptstadt der Keramik, wir mit Sicherheit dann als kleinste Stadt UNESCO-weit auch vielleicht f\u00fcr den Karneval ausgezeichnet werden. Es ist ein hehres Ziel, aber es lohnt sich.<\/p>\n\n\n\n<p><strong>Thilo:<\/strong> Das finde ich sehr sch\u00f6n, Wolfgang. Wir bleiben ein bisschen beim Thema, weil die Farben dann halt so gut passen und du auch ein bisschen bei Rot-Wei\u00df unterwegs bist. Keramik ist was Einzigartiges, Und warum findest du Grau-Blau einzigartig?<\/p>\n\n\n\n<p><strong>Wolfgang:<\/strong> Die Kombination, wie ich eben schon gesagt hab, zwischen B\u00fcttenrede, Tanz, Pr\u00e4sident und das sind aber die einzelnen Punkte. Was f\u00fcr mich Grau-Blau ausmacht, ist die neben dem Karneval, die Aktivit\u00e4ten rund ums Jahr. Also die Gemeinschaft, die grau-blaue Familie, das finde ich Klasse. Grau-Blau ist einfach ein Verein, der Alt und Jung miteinander verbindet. Wenn ich da nur an bestimmte Personen denke, Thomas Paulsen, Werner Normann, jetzt der Andre Geilen, also die Sitzungspr\u00e4sidenten, die die Grau-Blau hatte, das sind immer Charakterk\u00f6pfe und Typen gewesen, das hat sich auch im gesamten Vereinsauftritt widergespiegelt, also wie der Verein sich nach au\u00dfen pr\u00e4sentiert und darstellt.<\/p>\n\n\n\n<p><strong>Thilo:<\/strong> Sch\u00f6n, warum ist f\u00fcr dich Grau-Blau einzigartig, Marco?<\/p>\n\n\n\n<p><strong>Marco:<\/strong> Vielleicht h\u00e4ngt das mit meinem Vorg\u00e4nger zusammen, der war auch einzigartig, der ist ja bei Grau-Blau auch &#8216;ne wichtige Person. Grau-Blau geh\u00f6rt auch hier zum Kulturleben. Aber gerade Grau-Blau ist untrennbar durch die Farbgebung, mit den Wurzeln dieser Verbandsgemeinde verbunden.<\/p>\n\n\n\n<p><strong>Thilo:<\/strong> O. K., heute ist der 11.11. und jetzt habt ihr mir beide sehr ernst geantwortet, Wolfgang, Du bist beim Elferrat Rot-Wei\u00df und tr\u00e4gst mit Stolz, das finde ich auch gut so, genauso wie das andere auch schon gemacht haben, die &#8216;n politisches Amt ausge\u00fcbt haben oder aus\u00fcben, die rot-wei\u00dfe Uniform. Aber wie steht das jetzt wirklich im Einklang mit deinem Wohnsitz im Stadtteil Grenzhausen?<\/p>\n\n\n\n<p><strong>Wolfgang:<\/strong> Zun\u00e4chst mal, von der Wohnlage gibt es mit Sicherheit fast nichts Sch\u00f6neres, als im Sonnenweg in Grenzhausen zu wohnen. Vom Sonnenweg guckst du auf das wundersch\u00f6ne H\u00f6hr.<\/p>\n\n\n\n<p><strong>Thilo:<\/strong> Stimmt, deswegen dann auch Creative City? Wir wollen H\u00f6hr noch weiterbringen, weil das ein oder andere da im Argen liegt. Passt dann da eigentlich zu H\u00f6hr die Stadtbilddiskussion mit unserem Bundeskanzler?<\/p>\n\n\n\n<p><strong>Wolfgang:<\/strong> Ja, nee, das kann ich ja jetzt nicht sagen. H\u00f6hr soll sch\u00f6ner werden. Nee, , das w\u00e4re zu hart, aber es stimmt halt. H\u00f6hr hat halt schon Ewigkeiten andere Priorit\u00e4ten gesetzt. Wenn in Grenzhausen Geld gehortet wurde, haben die H\u00fcrder es immer ausgegeben.<\/p>\n\n\n\n<p><strong>Thilo:<\/strong> Noch mal zur\u00fcck zu Grau-Blau, Wolfgang, Du hast eben von Pers\u00f6nlichkeiten gesprochen? Sitzungspr\u00e4sidenten und da gibt es ja jede Menge. Und jetzt will ich noch mal bisschen euer Wissen zur KG Grau-Blau abfragen. Wer ist denn nach Friedhelm Georg Vorsitzender von Grau-Blau geworden?<\/p>\n\n\n\n<p><strong>Marco:<\/strong> Da bin ich raus.<\/p>\n\n\n\n<p><strong>Wolfgang:<\/strong> Ich meine Michael Walder. Oh nee, der Carsten Gr\u00e4f.<\/p>\n\n\n\n<p><strong>Thilo:<\/strong> War nur halb richtig, war der Kai-Uwe Hurtner.<\/p>\n\n\n\n<p><strong>Thilo:<\/strong> Friedhelm Georg ist auch schon mal angesprochen worden. Unter seiner Vereinsf\u00fchrung hat Grau Blau die ehemalige Turnhalle erworben. Damals wurde der Kaufvertrag zum 31.12.2010. geschlossen Ist schon lange her und zu dem Zeitpunkt warst Du, Wolfgang, schon im Stadtrat und Du, Marco, auch B\u00fcroleiter. Wisst ihr eigentlich wie hoch damals der Zuschuss von der Stadt oder der Verbandsgemeinde zum Erwerb der Halle war?<\/p>\n\n\n\n<p><strong>Wolfgang:<\/strong> Also ich wei\u00df es nicht mehr, ich wei\u00df nur eins, wenn der Mut der KG Grau-Blau nicht gewesen w\u00e4re und die finanzielle Unterst\u00fctzung von dem ein oder anderen Sponsor, den Du besser kennst als ich, gewesen w\u00e4r, die sehr stark mit Grenzhausen verwurzelt sind, h\u00e4tte dieser Kauf nie stattfinden k\u00f6nnen. Und Ich denke, das ist genauso, wie das heute ist, was 2010 war, gilt heute 2025 umso mehr. Die Stadt muss sich Gedanken machen, was macht sie mit den Hallen der KG. Grau-Blau und den Sportfreunden? Weil der Karneval braucht ein Zuhause und das ist Kulturgut und dem m\u00fcssen wir uns stellen.<\/p>\n\n\n\n<p><strong>Thilo:<\/strong> Es ist auch gut, dass wir diese beiden Hallen haben, weil so hat jeder Verein seine Heimat. Wenn man alles zusammen schmei\u00dft und nur in gr\u00f6\u00dfer denkt, kann es dazu f\u00fchren, dass der ein oder andere so ein bisschen seine Identit\u00e4t verliert. So hat jeder sein Zuhause und das ist gut so. Aber noch mal zur\u00fcck zur Frage, was gab es 2011 an Zuschuss der Kommunen f\u00fcr den Erwerb?<\/p>\n\n\n\n<p>Marco und Wolfgang (Ruhe und fragende Gesichter)<\/p>\n\n\n\n<p><strong>Thilo:<\/strong> Ich will euch erl\u00f6sen, nix. Daher solltet ihr euer Engagement zum Jubil\u00e4um mal \u00fcberdenken.<\/p>\n\n\n\n<p><strong>Wolfgang:<\/strong> Ich muss mal ins B\u00fcro, haha.<\/p>\n\n\n\n<p><strong>Thilo:<\/strong> Ihr seid im Augenblick bei den Haushaltsvorberatungen, macht euch mal Gedanken, was ihr zum Jubil\u00e4um an die KG Grau-Blau spenden wollt. Bei der Gelegenheit, jetzt wirklich auch im Namen des Vereins, vielen Dank an die Stadt H\u00f6hr-Grenzhausen f\u00fcr den j\u00e4hrlichen Zuschuss zu den Unterhaltungskosten von dem Geb\u00e4ude, ohne den Zuschuss w\u00e4re es f\u00fcr Grau-Blau noch schwieriger.<br>Schauen wir auf die n\u00e4chste Session. Der Fastnachtszug soll einen anderen Verlauf bekommen. Wie kam es dazu?<\/p>\n\n\n\n<p><strong>Wolfgang:<\/strong> Zuallererst m\u00f6chte ich mal einen anderen Punkt, lieber Thilo, aufgreifen. Der Stadtb\u00fcrgermeister hat gemeinsam mit der KG daf\u00fcr gesorgt, dass die Fl\u00e4che vor der Grau-Blau-Halle ansehnlicher gestaltet wurde, indem der Bauhof da Hand angelegt hat. Des Weiteren ist es dem Stadtb\u00fcrgermeister ein pers\u00f6nliches Anliegen, den Parkplatz direkt vor der Grau-Blau-Halle, der st\u00e4dtisches Gel\u00e4nde ist, zuk\u00fcnftig mal etwas ansehnlicher und optisch ansprechender zu gestalten, zumal es den G\u00e4sten der grau-blauen Sitzung nicht zuzumuten ist, durch Pf\u00fctzen watend in die Halle reinzugehen.<br>Aber jetzt nur zu der anderen Frage, Ver\u00e4nderungen in vielen Bereichen sind sinnig und gut und deswegen finde ich die Diskussion mit den Betroffenen gut, wenn man mal dr\u00fcber nachdenkt, den Karnevalsumzug zu verlegen, zumal sich ja auch die Rahmenbedingungen durch den Wegfall der ehemaligen T\u00f6pferstube f\u00fcr mich gravierend ge\u00e4ndert haben, also nachhaltig ge\u00e4ndert haben. Ich w\u00e4re absolut dagegen, wenn die T\u00f6pferstube noch existent w\u00e4re, so wie das fr\u00fcher war. Und heute hat es einen gewissen Charme, das auf dem Parkplatz vom Ferbach zu machen, oder auf dem ehemaligen Kirmesplatz. Wir m\u00fcssen den Verkehrsfluss, den Aufwand nur f\u00fcr den einen Tag und nat\u00fcrlich auch die Belange der Feuerwehr beachten.<\/p>\n\n\n\n<p><strong>Thilo:<\/strong> Dazu gutes Gelingen. Ver\u00e4nderungen sind sicherlich gut und auch angezeigt. In der Tat, vielleicht ergibt sich da auch eine neue M\u00f6glichkeit f\u00fcr den Fastnachtszug. Marco, auch im Rathaus ver\u00e4ndert sich etwas beim Karneval. Im Rathaus, du nimmst die Worte ja immer wieder gerne in den Mund, geht es um oft um Respekt und Wertsch\u00e4tzung, auch gerade gegen\u00fcber dem Ehrenamt und das ist l\u00f6blich. Und jetzt soll, so wie mir Investigativjournalisten mitgeteilt haben, bei der Rathauserst\u00fcrmung in Zukunft Flaschenbier geben. Sollen so die Karnevalisten abgespeist werden?<\/p>\n\n\n\n<p><strong>Marco:<\/strong> Ja, nee, das ist ja eigentlich ein Gewinn f\u00fcr die Karnevalisten, weil in der Bierflasche ist ja viel mehr drin wie in einem Glas. Unterm Strich haben die sogar noch mehr davon.<\/p>\n\n\n\n<p><strong>Thilo:<\/strong> Ja, wir k\u00f6nnten zumindest sagen, jeder Verein kann dann anschlie\u00dfend noch 5 oder 6 Kisten mitnehmen, wenn man hier aus dem Rathaus rausgeht.<\/p>\n\n\n\n<p><strong>Wolfgang:<\/strong> Ja, genau, gibt es jetzt wirklich Flaschenbier? Ist das denn mit dem Stadtb\u00fcrgermeister abgestimmt? Nee, also was, also hier, hallo, dann machen wir n\u00e4chste Woche eine Sitzung zu diesem Thema. \u00dcber das Flaschenbier m\u00fcsste ich noch mal mit deinem Nachfolger sprechen.<\/p>\n\n\n\n<p><strong>Thilo:<\/strong> Zum Schluss. Was sind eure W\u00fcnsche f\u00fcr die KG Grau-Blau und deren Zukunft?<\/p>\n\n\n\n<p><strong>Marco:<\/strong> Also ich w\u00fcnsche den Aktiven im Verein, dass sie stets weiterhin so eine Hingabe und Leidenschaft haben und beibehalten, so ein Ehrenamt zu f\u00fchren. Die Vereine haben es immer schwerer und so ein Programm auf die B\u00fchne genommen. Aber ihr macht es echt filmreif. Da k\u00f6nnte man ARD, ZDF, wen auch immer gerade mit abfilmen lassen. Das ist so gigantisch gut. Und dass da die Energie nicht verloren geht und dass auch der Nachwuchs nicht verloren geht, der dann irgendwann mal die beerbt, die vielleicht jetzt schon ein bisschen \u00e4lter sind, sich vielleicht so zunehmend rausziehen. Also und immer den Frohsinn behalten und einfach so weitermachen, wie ihr das in den letzten 77 Jahren gemacht habt.<\/p>\n\n\n\n<p><strong>Wolfgang:<\/strong> Dem ist fast nichts hinzuzuf\u00fcgen. Vielleicht noch ein Satz, ich w\u00fcnsche weiterhin die gl\u00fcckliche Hand, dass die, die in die Verantwortung gehen, die in die Fu\u00dfstapfen treten, von denen, die jetzt die Geschicke leiten, dass das genauso gut und gl\u00fccklich, mit viel Harmonie und erfolgsbetont verl\u00e4uft, wie das in den zur\u00fcckliegenden 77 Jahren war. Das man einfach diesen Flow beibeh\u00e4lt und sich die jungen Leute finden in beiden Stadtteilen. Das ist mir wichtig<\/p>\n","protected":false},"excerpt":{"rendered":"<p>Ausz\u00fcge aus dem Interview stehen im Narrenspiegel 2026. Hier nun der komplette Inhalt des Interviews. Die Fragen den Narrenspiegel bzw. die KG Grau-Blau stellte Thilo Becker Thilo: Herr B\u00fcrgermeister, Herr Stadtb\u00fcrgermeister, wir haben heute den 11.11. und Sie sitzen im B\u00fcro. Da ist es Zeit f\u00fcr ein wenig Humor, oder? &hellip;<\/p>\n","protected":false},"author":1,"featured_media":0,"parent":0,"menu_order":0,"comment_status":"closed","ping_status":"closed","template":"","meta":{"footnotes":""},"class_list":["post-22203","page","type-page","status-publish","hentry"],"jetpack_sharing_enabled":true,"post_mailing_queue_ids":[],"_links":{"self":[{"href":"https:\/\/www.grau-blau.de\/index.php?rest_route=\/wp\/v2\/pages\/22203","targetHints":{"allow":["GET"]}}],"collection":[{"href":"https:\/\/www.grau-blau.de\/index.php?rest_route=\/wp\/v2\/pages"}],"about":[{"href":"https:\/\/www.grau-blau.de\/index.php?rest_route=\/wp\/v2\/types\/page"}],"author":[{"embeddable":true,"href":"https:\/\/www.grau-blau.de\/index.php?rest_route=\/wp\/v2\/users\/1"}],"replies":[{"embeddable":true,"href":"https:\/\/www.grau-blau.de\/index.php?rest_route=%2Fwp%2Fv2%2Fcomments&post=22203"}],"version-history":[{"count":5,"href":"https:\/\/www.grau-blau.de\/index.php?rest_route=\/wp\/v2\/pages\/22203\/revisions"}],"predecessor-version":[{"id":22214,"href":"https:\/\/www.grau-blau.de\/index.php?rest_route=\/wp\/v2\/pages\/22203\/revisions\/22214"}],"wp:attachment":[{"href":"https:\/\/www.grau-blau.de\/index.php?rest_route=%2Fwp%2Fv2%2Fmedia&parent=22203"}],"curies":[{"name":"wp","href":"https:\/\/api.w.org\/{rel}","templated":true}]}}