{"id":6605,"date":"2014-09-06T13:01:50","date_gmt":"2014-09-06T11:01:50","guid":{"rendered":"http:\/\/localhost\/wordpress\/?page_id=6605"},"modified":"2024-01-26T17:51:20","modified_gmt":"2024-01-26T16:51:20","slug":"ballett","status":"publish","type":"page","link":"https:\/\/www.grau-blau.de\/?page_id=6605","title":{"rendered":"Ballett"},"content":{"rendered":"\n<p>Das Grau-Blau Ballett ist seit Jahrzehnten das Aush\u00e4ngeschild der KG Grau-Blau und geh\u00f6rt sicherlich zu den renommierten Karnevalstanzgruppen in unserer Region.<\/p>\n\n\n\n<p>Wir suchen immer wieder junge begeisterte Menschen, die sich dem Ballett anschlie\u00dfen und auf hohem Niveau dem Tanzsport nachgehen wollen.&nbsp; Wer Lust und Laune f\u00fcr eine solche Freizeitbesch\u00e4ftigung hat, ist bei uns gerne gesehen. Die aktuellen Trainingszeiten:<\/p>\n\n\n\n<p class=\"has-text-align-center has-headings-color has-text-color\">Montags Schlussshow<br>19:00 Uhr &#8211; 21:00 Uhr<\/p>\n\n\n\n<p class=\"has-text-align-center has-headings-color has-text-color\">Mittwochs Marsch<br>19:00 Uhr &#8211; 20:00 Uhr<br>(Marsch Startet nach Ostern)<\/p>\n\n\n\n<p class=\"has-text-align-center has-headings-color has-text-color\">Zwischenshow<br>20:00 Uhr &#8211; 21:00 Uhr<\/p>\n\n\n\n<p class=\"has-headings-color has-text-color\">Alle Trainingseinheiten finden in der Grau-Blau Halle statt.<\/p>\n\n\n\n<p>Weitere Informationen zum Ballett erhalten Sie von unserem Trainer- und Betreuerteam.<\/p>\n\n\n\n<p>Showt\u00e4nze&nbsp;&nbsp;&nbsp;&nbsp;&nbsp;&nbsp;&nbsp;&nbsp;&nbsp;&nbsp;&nbsp;&nbsp; &nbsp; Stephan Haas<\/p>\n\n\n\n<p>Marschtanz&nbsp;&nbsp;&nbsp;&nbsp;&nbsp;&nbsp;&nbsp;&nbsp;&nbsp;&nbsp; &nbsp;&nbsp; Christina Oster<\/p>\n\n\n\n<p>Eine sehr umfangreiche Bildersammlung zum Ballett gibt es <a href=\"https:\/\/www.grau-blau.de\/?cat=2\">hier<\/a>.<\/p>\n","protected":false},"excerpt":{"rendered":"<p>Das Grau-Blau Ballett ist seit Jahrzehnten das Aush\u00e4ngeschild der KG Grau-Blau und geh\u00f6rt sicherlich zu den renommierten Karnevalstanzgruppen in unserer Region. Wir suchen immer wieder junge begeisterte Menschen, die sich dem Ballett anschlie\u00dfen und auf hohem Niveau dem Tanzsport nachgehen wollen.&nbsp; Wer Lust und Laune f\u00fcr eine solche Freizeitbesch\u00e4ftigung hat, &hellip;<\/p>\n","protected":false},"author":1,"featured_media":21241,"parent":0,"menu_order":2,"comment_status":"closed","ping_status":"closed","template":"","meta":{"footnotes":""},"class_list":["post-6605","page","type-page","status-publish","has-post-thumbnail","hentry"],"jetpack_sharing_enabled":true,"post_mailing_queue_ids":[],"_links":{"self":[{"href":"https:\/\/www.grau-blau.de\/index.php?rest_route=\/wp\/v2\/pages\/6605","targetHints":{"allow":["GET"]}}],"collection":[{"href":"https:\/\/www.grau-blau.de\/index.php?rest_route=\/wp\/v2\/pages"}],"about":[{"href":"https:\/\/www.grau-blau.de\/index.php?rest_route=\/wp\/v2\/types\/page"}],"author":[{"embeddable":true,"href":"https:\/\/www.grau-blau.de\/index.php?rest_route=\/wp\/v2\/users\/1"}],"replies":[{"embeddable":true,"href":"https:\/\/www.grau-blau.de\/index.php?rest_route=%2Fwp%2Fv2%2Fcomments&post=6605"}],"version-history":[{"count":1,"href":"https:\/\/www.grau-blau.de\/index.php?rest_route=\/wp\/v2\/pages\/6605\/revisions"}],"predecessor-version":[{"id":20797,"href":"https:\/\/www.grau-blau.de\/index.php?rest_route=\/wp\/v2\/pages\/6605\/revisions\/20797"}],"wp:featuredmedia":[{"embeddable":true,"href":"https:\/\/www.grau-blau.de\/index.php?rest_route=\/wp\/v2\/media\/21241"}],"wp:attachment":[{"href":"https:\/\/www.grau-blau.de\/index.php?rest_route=%2Fwp%2Fv2%2Fmedia&parent=6605"}],"curies":[{"name":"wp","href":"https:\/\/api.w.org\/{rel}","templated":true}]}}